{"id":5824,"date":"2023-08-20T13:52:33","date_gmt":"2023-08-20T13:52:33","guid":{"rendered":"https:\/\/priceless.pixelpt.pt\/?page_id=5824"},"modified":"2025-12-22T14:40:38","modified_gmt":"2025-12-22T14:40:38","slug":"politica-privacidade","status":"publish","type":"page","link":"https:\/\/pricelessconsulting.com\/br\/politica-privacidade\/","title":{"rendered":"Pol\u00edtica de Privacidade"},"content":{"rendered":"<div data-elementor-type=\"wp-page\" data-elementor-id=\"5824\" class=\"elementor elementor-5824\" data-elementor-post-type=\"page\">\n\t\t\t\t<div class=\"elementor-element elementor-element-432a8dde e-flex e-con-boxed wpr-particle-no wpr-jarallax-no wpr-parallax-no wpr-sticky-section-no e-con e-parent\" data-id=\"432a8dde\" data-element_type=\"container\" data-e-type=\"container\">\n\t\t\t\t\t<div class=\"e-con-inner\">\n\t\t\t\t<div class=\"elementor-element elementor-element-54896ba2 elementor-widget elementor-widget-text-editor\" data-id=\"54896ba2\" data-element_type=\"widget\" data-e-type=\"widget\" data-widget_type=\"text-editor.default\">\n\t\t\t\t<div class=\"elementor-widget-container\">\n\t\t\t\t\t\t\t\t\t\n<p>Data de vig\u00eancia: 01 de Janeiro de 2018<\/p>\n\n<p>A Priceless Consulting (&#8220;n\u00f3s&#8221;, &#8220;n\u00f3s&#8221; ou &#8220;nosso&#8221;) opera o site\u00a0<a href=\"http:\/\/www.pricelessconsulting.com\/\" target=\"_blank\" rel=\"noreferrer noopener\">www.pricelessconsulting.com<\/a>\u00a0(o &#8220;Servi\u00e7o&#8221;).<\/p>\n\n<p>Esta p\u00e1gina informa-o sobre as nossas pol\u00edticas relativas \u00e0 coleta, uso e divulga\u00e7\u00e3o de dados pessoais quando voc\u00ea usa o nosso Servi\u00e7o e as op\u00e7\u00f5es que voc\u00ea associou a esses dados.<\/p>\n\n<p>Usamos os seus dados para prestar e melhorar o servi\u00e7o. Ao usar o Servi\u00e7o, voc\u00ea concorda com a coleta e uso de informa\u00e7\u00f5es de acordo com esta pol\u00edtica. A menos que definido de outra forma nesta Pol\u00edtica de Privacidade, os termos usados \u200b\u200bnesta Pol\u00edtica de Privacidade t\u00eam os mesmos significados que os nossos Termos e Condi\u00e7\u00f5es, acess\u00edveis em\u00a0<a href=\"http:\/\/www.pricelessconsulting.com\/\" target=\"_blank\" rel=\"noreferrer noopener\">www.pricelessconsulting.com<\/a><\/p>\n\n<p><strong>Coleta e Uso de Informa\u00e7\u00f5es<\/strong><\/p>\n\n<p>Coletamos v\u00e1rios tipos diferentes de informa\u00e7\u00f5es para diversos fins, para fornecer e melhorar o nosso Servi\u00e7o para si.<\/p>\n\n<p>Tipos de dados coletados<\/p>\n\n<p>Dados pessoais<\/p>\n\n<p>Ao usar o nosso Servi\u00e7o, podemos solicitar que voc\u00ea nos forne\u00e7a algumas informa\u00e7\u00f5es pessoais identific\u00e1veis \u200b\u200bque podem ser usadas para contat\u00e1-lo ou identific\u00e1-lo (&#8220;Dados Pessoais&#8221;). Informa\u00e7\u00f5es pessoalmente identific\u00e1veis \u200b\u200bpodem incluir, mas n\u00e3o est\u00e3o limitadas a:<\/p>\n\n<ul class=\"wp-block-list\">\n<li>Endere\u00e7o de e-mail<\/li>\n\n<li>Primeiro nome e apelido<\/li>\n\n<li>N\u00famero de telefone<\/li>\n\n<li>Endere\u00e7o, Estado, Prov\u00edncia, CEP \/ C\u00f3digo Postal, Cidade<\/li>\n\n<li>Cookies e Dados de Uso<\/li>\n<\/ul>\n\n<p>Dados de uso<\/p>\n\n<p>Tamb\u00e9m podemos coletar informa\u00e7\u00f5es sobre como o Servi\u00e7o \u00e9 acessado e usado (&#8220;Dados de Uso&#8221;). Estes Dados de Uso podem incluir informa\u00e7\u00f5es como o endere\u00e7o IP do seu computador (por exemplo, endere\u00e7o IP), tipo de navegador, vers\u00e3o do navegador, as p\u00e1ginas do nosso Servi\u00e7o que voc\u00ea visita, a hora e data de sua visita, o tempo gasto nessas p\u00e1ginas identificadores de dispositivos e outros dados de diagn\u00f3stico.<\/p>\n\n<p>Rastreamento e dados de cookies<\/p>\n\n<p>Usamos cookies e tecnologias de rastreamento semelhantes para rastrear a atividade em nosso Servi\u00e7o e manter certas informa\u00e7\u00f5es.<\/p>\n\n<p>Cookies s\u00e3o arquivos com pequena quantidade de dados que podem incluir um identificador exclusivo an\u00f4nimo. Os cookies s\u00e3o enviados para o seu navegador a partir de um site e armazenados no seu dispositivo. As tecnologias de rastreamento tamb\u00e9m usadas s\u00e3o beacons, tags e scripts para coletar e rastrear informa\u00e7\u00f5es e para melhorar e analisar nosso Servi\u00e7o.<\/p>\n\n<p>Voc\u00ea pode instruir seu navegador para recusar todos os cookies ou para indicar quando um cookie est\u00e1 sendo enviado. No entanto, se voc\u00ea n\u00e3o aceitar cookies, talvez n\u00e3o consiga usar algumas partes de nosso Servi\u00e7o.<\/p>\n\n<p>Exemplos de cookies que usamos:<\/p>\n\n<ul class=\"wp-block-list\">\n<li>Cookies de sess\u00e3o. Usamos cookies de sess\u00e3o para operar nosso servi\u00e7o.<\/li>\n\n<li>Cookies preferenciais. Usamos Cookies Preferenciais para lembrar suas prefer\u00eancias e v\u00e1rias configura\u00e7\u00f5es.<\/li>\n\n<li>Cookies de seguran\u00e7a. N\u00f3s usamos cookies de seguran\u00e7a para fins de seguran\u00e7a.<\/li>\n<\/ul>\n\n<p><strong>Uso de dados<\/strong><\/p>\n\n<p>A Priceless Consulting usa os dados coletados para diversos fins:<\/p>\n\n<ul class=\"wp-block-list\">\n<li>Para fornecer e manter o servi\u00e7o<\/li>\n\n<li>Para notific\u00e1-lo sobre altera\u00e7\u00f5es no nosso servi\u00e7o<\/li>\n\n<li>Para permitir que voc\u00ea participe de recursos interativos do nosso Servi\u00e7o ao optar por faz\u00ea-lo<\/li>\n\n<li>Para fornecer atendimento ao cliente e suporte<\/li>\n\n<li>Para fornecer an\u00e1lises ou informa\u00e7\u00f5es valiosas para que possamos melhorar o servi\u00e7o<\/li>\n\n<li>Para monitorar o uso do servi\u00e7o<\/li>\n\n<li>Para detectar, prevenir e resolver problemas t\u00e9cnicos<\/li>\n<\/ul>\n\n<p><strong>Transfer\u00eancia de dados<\/strong><\/p>\n\n<p>Suas informa\u00e7\u00f5es, incluindo Dados Pessoais, podem ser transferidas para &#8211; e mantidas em &#8211; computadores localizados fora do seu estado, prov\u00edncia, pa\u00eds ou outra jurisdi\u00e7\u00e3o governamental, onde as leis de prote\u00e7\u00e3o de dados podem ser diferentes das da sua jurisdi\u00e7\u00e3o.<\/p>\n\n<p>Se estiver localizado fora de Portugal e optar por nos fornecer informa\u00e7\u00f5es, tenha em aten\u00e7\u00e3o que transferimos os dados, incluindo os Dados Pessoais, para Portugal e processamos os dados para l\u00e1.<\/p>\n\n<p>O seu consentimento para com esta Pol\u00edtica de Privacidade, seguido pelo envio de tais informa\u00e7\u00f5es, representa a sua concord\u00e2ncia com essa transfer\u00eancia.<\/p>\n\n<p>A Priceless Consulting tomar\u00e1 todas as medidas razoavelmente necess\u00e1rias para garantir que seus dados sejam tratados com seguran\u00e7a e de acordo com esta Pol\u00edtica de Privacidade e nenhuma transfer\u00eancia dos seus Dados Pessoais ocorrer\u00e1 para uma organiza\u00e7\u00e3o ou pa\u00eds, a menos que haja controles adequados, incluindo a seguran\u00e7a dos seus dados e outras informa\u00e7\u00f5es pessoais.<\/p>\n\n<p><strong>Divulga\u00e7\u00e3o de Dados<\/strong><\/p>\n\n<p>Requerimentos legais<\/p>\n\n<p>A Priceless Consulting pode divulgar seus Dados Pessoais na cren\u00e7a de que tal a\u00e7\u00e3o \u00e9 necess\u00e1ria para:<\/p>\n\n<ul class=\"wp-block-list\">\n<li>Para cumprir uma obriga\u00e7\u00e3o legal<\/li>\n\n<li>Para proteger e defender os direitos ou propriedade da Priceless Consulting<\/li>\n\n<li>Para evitar ou investigar poss\u00edveis irregularidades relacionadas ao Servi\u00e7o<\/li>\n\n<li>Para proteger a seguran\u00e7a pessoal dos usu\u00e1rios do Servi\u00e7o ou do p\u00fablico<\/li>\n\n<li>Para proteger contra responsabilidade legal<\/li>\n<\/ul>\n\n<p><strong>Seguran\u00e7a de dados<\/strong><\/p>\n\n<p>A seguran\u00e7a dos seus dados \u00e9 importante para n\u00f3s, mas lembre-se de que nenhum m\u00e9todo de transmiss\u00e3o pela Internet ou m\u00e9todo de armazenamento eletr\u00f4nico \u00e9 100% seguro. Embora nos esforcemos para usar meios comercialmente aceit\u00e1veis \u200b\u200bpara proteger seus dados pessoais, n\u00e3o podemos garantir a sua seguran\u00e7a absoluta.<\/p>\n\n<p><strong>Provedores de servi\u00e7o<\/strong><\/p>\n\n<p>Podemos empregar empresas e indiv\u00edduos terceirizados para facilitar o nosso Servi\u00e7o (&#8220;Prestadores de Servi\u00e7os&#8221;), para fornecer o Servi\u00e7o em nosso nome, para executar servi\u00e7os relacionados ao Servi\u00e7o ou para nos ajudar a analisar como o nosso Servi\u00e7o \u00e9 usado.<\/p>\n\n<p>Esses terceiros t\u00eam acesso aos seus Dados Pessoais apenas para realizar essas tarefas em nosso nome e s\u00e3o obrigados a n\u00e3o divulg\u00e1-los ou us\u00e1-los para qualquer outra finalidade.<\/p>\n\n<p><strong>Links para outros sites<\/strong><\/p>\n\n<p>Nosso Servi\u00e7o pode conter links para outros sites que n\u00e3o s\u00e3o operados por n\u00f3s. Se voc\u00ea clicar em um link de terceiros, voc\u00ea ser\u00e1 direcionado para o site de terceiros. Recomendamos vivamente que reveja a pol\u00edtica de privacidade de todos os sites que visita.<\/p>\n\n<p>N\u00e3o temos controle e n\u00e3o assumimos nenhuma responsabilidade pelo conte\u00fado, pol\u00edticas de privacidade ou pr\u00e1ticas de quaisquer sites ou servi\u00e7os de terceiros.<\/p>\n\n<p><strong>Privacidade das crian\u00e7as<\/strong><\/p>\n\n<p>Nosso Servi\u00e7o n\u00e3o atende a menores de 18 anos (&#8220;Filhos&#8221;).<\/p>\n\n<p>N\u00e3o coletamos intencionalmente informa\u00e7\u00f5es de identifica\u00e7\u00e3o pessoal de menores de 18 anos. Se voc\u00ea \u00e9 pai \/ m\u00e3e ou respons\u00e1vel legal e sabe que seus Filhos nos forneceram Dados Pessoais, entre em contato conosco. Se ficarmos cientes de que coletamos Dados Pessoais de crian\u00e7as sem a verifica\u00e7\u00e3o do consentimento dos pais, tomamos medidas para remover essas informa\u00e7\u00f5es de nossos servidores.<\/p>\n\n<p><strong>Altera\u00e7\u00f5es a esta pol\u00edtica de privacidade<\/strong><\/p>\n\n<p>Podemos atualizar nossa Pol\u00edtica de Privacidade de tempos em tempos. Vamos notific\u00e1-lo de quaisquer altera\u00e7\u00f5es publicando a nova Pol\u00edtica de Privacidade nesta p\u00e1gina.<\/p>\n\n<p>Recomenda-se que voc\u00ea revise esta Pol\u00edtica de Privacidade periodicamente para quaisquer altera\u00e7\u00f5es. Altera\u00e7\u00f5es a esta Pol\u00edtica de Privacidade s\u00e3o efetivas quando publicadas nesta p\u00e1gina.<\/p>\n\n<p><strong>Contate-nos<\/strong><\/p>\n\n<p>Se voc\u00ea tiver alguma d\u00favida sobre esta Pol\u00edtica de Privacidade, entre em contato conosco:<\/p>\n\n<p>Ao visitar esta p\u00e1gina em nosso site:\u00a0<a href=\"http:\/\/www.pricelessconsulting.com\/politica-privacidade\" target=\"_blank\" rel=\"noreferrer noopener\">www.pricelessconsulting.com\/politica-privacidade<\/a><\/p>\n\t\t\t\t\t\t\t\t<\/div>\n\t\t\t\t<\/div>\n\t\t\t\t\t<\/div>\n\t\t\t\t<\/div>\n\t\t\t\t<\/div>","protected":false},"excerpt":{"rendered":"<p>Data de vig\u00eancia: 01 de Janeiro de 2018 A Priceless Consulting (&#8220;n\u00f3s&#8221;, &#8220;n\u00f3s&#8221; ou &#8220;nosso&#8221;) opera o site\u00a0www.pricelessconsulting.com\u00a0(o &#8220;Servi\u00e7o&#8221;). Esta p\u00e1gina informa-o sobre as nossas pol\u00edticas relativas \u00e0 coleta, uso e divulga\u00e7\u00e3o de dados pessoais quando voc\u00ea usa o nosso Servi\u00e7o e as op\u00e7\u00f5es que voc\u00ea associou a esses dados. Usamos os seus dados para prestar e melhorar o servi\u00e7o. Ao usar o Servi\u00e7o, voc\u00ea concorda com a coleta e uso de informa\u00e7\u00f5es de acordo com esta pol\u00edtica. A menos que definido de outra forma nesta Pol\u00edtica de Privacidade, os termos usados \u200b\u200bnesta Pol\u00edtica de Privacidade t\u00eam os mesmos significados que os nossos Termos e Condi\u00e7\u00f5es, acess\u00edveis em\u00a0www.pricelessconsulting.com Coleta e Uso de Informa\u00e7\u00f5es Coletamos v\u00e1rios tipos diferentes de informa\u00e7\u00f5es para diversos fins, para fornecer e melhorar o nosso Servi\u00e7o para si. Tipos de dados coletados Dados pessoais Ao usar o nosso Servi\u00e7o, podemos solicitar que voc\u00ea nos forne\u00e7a algumas informa\u00e7\u00f5es pessoais identific\u00e1veis \u200b\u200bque podem ser usadas para contat\u00e1-lo ou identific\u00e1-lo (&#8220;Dados Pessoais&#8221;). Informa\u00e7\u00f5es pessoalmente identific\u00e1veis \u200b\u200bpodem incluir, mas n\u00e3o est\u00e3o limitadas a: Dados de uso Tamb\u00e9m podemos coletar informa\u00e7\u00f5es sobre como o Servi\u00e7o \u00e9 acessado e usado (&#8220;Dados de Uso&#8221;). Estes Dados de Uso podem incluir informa\u00e7\u00f5es como o endere\u00e7o IP do seu computador (por exemplo, endere\u00e7o IP), tipo de navegador, vers\u00e3o do navegador, as p\u00e1ginas do nosso Servi\u00e7o que voc\u00ea visita, a hora e data de sua visita, o tempo gasto nessas p\u00e1ginas identificadores de dispositivos e outros dados de diagn\u00f3stico. Rastreamento e dados de cookies Usamos cookies e tecnologias de rastreamento semelhantes para rastrear a atividade em nosso Servi\u00e7o e manter certas informa\u00e7\u00f5es. Cookies s\u00e3o arquivos com pequena quantidade de dados que podem incluir um identificador exclusivo an\u00f4nimo. Os cookies s\u00e3o enviados para o seu navegador a partir de um site e armazenados no seu dispositivo. As tecnologias de rastreamento tamb\u00e9m usadas s\u00e3o beacons, tags e scripts para coletar e rastrear informa\u00e7\u00f5es e para melhorar e analisar nosso Servi\u00e7o. Voc\u00ea pode instruir seu navegador para recusar todos os cookies ou para indicar quando um cookie est\u00e1 sendo enviado. No entanto, se voc\u00ea n\u00e3o aceitar cookies, talvez n\u00e3o consiga usar algumas partes de nosso Servi\u00e7o. Exemplos de cookies que usamos: Uso de dados A Priceless Consulting usa os dados coletados para diversos fins: Transfer\u00eancia de dados Suas informa\u00e7\u00f5es, incluindo Dados Pessoais, podem ser transferidas para &#8211; e mantidas em &#8211; computadores localizados fora do seu estado, prov\u00edncia, pa\u00eds ou outra jurisdi\u00e7\u00e3o governamental, onde as leis de prote\u00e7\u00e3o de dados podem ser diferentes das da sua jurisdi\u00e7\u00e3o. Se estiver localizado fora de Portugal e optar por nos fornecer informa\u00e7\u00f5es, tenha em aten\u00e7\u00e3o que transferimos os dados, incluindo os Dados Pessoais, para Portugal e processamos os dados para l\u00e1. O seu consentimento para com esta Pol\u00edtica de Privacidade, seguido pelo envio de tais informa\u00e7\u00f5es, representa a sua concord\u00e2ncia com essa transfer\u00eancia. A Priceless Consulting tomar\u00e1 todas as medidas razoavelmente necess\u00e1rias para garantir que seus dados sejam tratados com seguran\u00e7a e de acordo com esta Pol\u00edtica de Privacidade e nenhuma transfer\u00eancia dos seus Dados Pessoais ocorrer\u00e1 para uma organiza\u00e7\u00e3o ou pa\u00eds, a menos que haja controles adequados, incluindo a seguran\u00e7a dos seus dados e outras informa\u00e7\u00f5es pessoais. Divulga\u00e7\u00e3o de Dados Requerimentos legais A Priceless Consulting pode divulgar seus Dados Pessoais na cren\u00e7a de que tal a\u00e7\u00e3o \u00e9 necess\u00e1ria para: Seguran\u00e7a de dados A seguran\u00e7a dos seus dados \u00e9 importante para n\u00f3s, mas lembre-se de que nenhum m\u00e9todo de transmiss\u00e3o pela Internet ou m\u00e9todo de armazenamento eletr\u00f4nico \u00e9 100% seguro. Embora nos esforcemos para usar meios comercialmente aceit\u00e1veis \u200b\u200bpara proteger seus dados pessoais, n\u00e3o podemos garantir a sua seguran\u00e7a absoluta. Provedores de servi\u00e7o Podemos empregar empresas e indiv\u00edduos terceirizados para facilitar o nosso Servi\u00e7o (&#8220;Prestadores de Servi\u00e7os&#8221;), para fornecer o Servi\u00e7o em nosso nome, para executar servi\u00e7os relacionados ao Servi\u00e7o ou para nos ajudar a analisar como o nosso Servi\u00e7o \u00e9 usado. Esses terceiros t\u00eam acesso aos seus Dados Pessoais apenas para realizar essas tarefas em nosso nome e s\u00e3o obrigados a n\u00e3o divulg\u00e1-los ou us\u00e1-los para qualquer outra finalidade. Links para outros sites Nosso Servi\u00e7o pode conter links para outros sites que n\u00e3o s\u00e3o operados por n\u00f3s. Se voc\u00ea clicar em um link de terceiros, voc\u00ea ser\u00e1 direcionado para o site de terceiros. Recomendamos vivamente que reveja a pol\u00edtica de privacidade de todos os sites que visita. N\u00e3o temos controle e n\u00e3o assumimos nenhuma responsabilidade pelo conte\u00fado, pol\u00edticas de privacidade ou pr\u00e1ticas de quaisquer sites ou servi\u00e7os de terceiros. Privacidade das crian\u00e7as Nosso Servi\u00e7o n\u00e3o atende a menores de 18 anos (&#8220;Filhos&#8221;). N\u00e3o coletamos intencionalmente informa\u00e7\u00f5es de identifica\u00e7\u00e3o pessoal de menores de 18 anos. Se voc\u00ea \u00e9 pai \/ m\u00e3e ou respons\u00e1vel legal e sabe que seus Filhos nos forneceram Dados Pessoais, entre em contato conosco. Se ficarmos cientes de que coletamos Dados Pessoais de crian\u00e7as sem a verifica\u00e7\u00e3o do consentimento dos pais, tomamos medidas para remover essas informa\u00e7\u00f5es de nossos servidores. Altera\u00e7\u00f5es a esta pol\u00edtica de privacidade Podemos atualizar nossa Pol\u00edtica de Privacidade de tempos em tempos. Vamos notific\u00e1-lo de quaisquer altera\u00e7\u00f5es publicando a nova Pol\u00edtica de Privacidade nesta p\u00e1gina. Recomenda-se que voc\u00ea revise esta Pol\u00edtica de Privacidade periodicamente para quaisquer altera\u00e7\u00f5es. Altera\u00e7\u00f5es a esta Pol\u00edtica de Privacidade s\u00e3o efetivas quando publicadas nesta p\u00e1gina. Contate-nos Se voc\u00ea tiver alguma d\u00favida sobre esta Pol\u00edtica de Privacidade, entre em contato conosco: Ao visitar esta p\u00e1gina em nosso site:\u00a0www.pricelessconsulting.com\/politica-privacidade<\/p>","protected":false},"author":1,"featured_media":0,"parent":0,"menu_order":0,"comment_status":"closed","ping_status":"closed","template":"","meta":{"footnotes":""},"ebook":[],"ebook_1":[],"infograficos":[],"class_list":["post-5824","page","type-page","status-publish","hentry"],"yoast_head":"<!-- This site is optimized with the Yoast SEO plugin v26.9 - https:\/\/yoast.com\/product\/yoast-seo-wordpress\/ -->\n<title>Pol\u00edtica de Privacidade - Priceless Consulting<\/title>\n<meta name=\"description\" content=\"Pol\u00edtica de privacidade da Priceless Consulting pela qual a empresa rege diariamente as suas opera\u00e7\u00f5es de contacto com o cliente.\" \/>\n<meta name=\"robots\" content=\"index, follow, max-snippet:-1, max-image-preview:large, max-video-preview:-1\" \/>\n<link rel=\"canonical\" href=\"https:\/\/pricelessconsulting.com\/br\/politica-privacidade\/\" \/>\n<meta property=\"og:locale\" content=\"pt_BR\" \/>\n<meta property=\"og:type\" content=\"article\" \/>\n<meta property=\"og:title\" content=\"Pol\u00edtica de Privacidade - Priceless Consulting\" \/>\n<meta property=\"og:description\" content=\"Pol\u00edtica de privacidade da Priceless Consulting pela qual a empresa rege diariamente as suas opera\u00e7\u00f5es de contacto com o cliente.\" \/>\n<meta property=\"og:url\" content=\"https:\/\/pricelessconsulting.com\/br\/politica-privacidade\/\" \/>\n<meta property=\"og:site_name\" content=\"Priceless Consulting\" \/>\n<meta property=\"article:publisher\" content=\"https:\/\/www.facebook.com\/pricelessconsult\" \/>\n<meta property=\"article:modified_time\" content=\"2025-12-22T14:40:38+00:00\" \/>\n<meta name=\"twitter:card\" content=\"summary_large_image\" \/>\n<meta name=\"twitter:label1\" content=\"Est. tempo de leitura\" \/>\n\t<meta name=\"twitter:data1\" content=\"6 minutos\" \/>\n<script type=\"application\/ld+json\" class=\"yoast-schema-graph\">{\"@context\":\"https:\/\/schema.org\",\"@graph\":[{\"@type\":\"WebPage\",\"@id\":\"https:\/\/pricelessconsulting.com\/politica-privacidade\/\",\"url\":\"https:\/\/pricelessconsulting.com\/politica-privacidade\/\",\"name\":\"Pol\u00edtica de Privacidade - Priceless Consulting\",\"isPartOf\":{\"@id\":\"https:\/\/pricelessconsulting.com\/#website\"},\"datePublished\":\"2023-08-20T13:52:33+00:00\",\"dateModified\":\"2025-12-22T14:40:38+00:00\",\"description\":\"Pol\u00edtica de privacidade da Priceless Consulting pela qual a empresa rege diariamente as suas opera\u00e7\u00f5es de contacto com o cliente.\",\"breadcrumb\":{\"@id\":\"https:\/\/pricelessconsulting.com\/politica-privacidade\/#breadcrumb\"},\"inLanguage\":\"pt-BR\",\"potentialAction\":[{\"@type\":\"ReadAction\",\"target\":[\"https:\/\/pricelessconsulting.com\/politica-privacidade\/\"]}]},{\"@type\":\"BreadcrumbList\",\"@id\":\"https:\/\/pricelessconsulting.com\/politica-privacidade\/#breadcrumb\",\"itemListElement\":[{\"@type\":\"ListItem\",\"position\":1,\"name\":\"In\u00edcio\",\"item\":\"https:\/\/pricelessconsulting.com\/\"},{\"@type\":\"ListItem\",\"position\":2,\"name\":\"Pol\u00edtica de Privacidade\"}]},{\"@type\":\"WebSite\",\"@id\":\"https:\/\/pricelessconsulting.com\/#website\",\"url\":\"https:\/\/pricelessconsulting.com\/\",\"name\":\"Priceless Consulting\",\"description\":\"Especialistas em Transforma\u00e7\u00e3o Digital\",\"publisher\":{\"@id\":\"https:\/\/pricelessconsulting.com\/#organization\"},\"potentialAction\":[{\"@type\":\"SearchAction\",\"target\":{\"@type\":\"EntryPoint\",\"urlTemplate\":\"https:\/\/pricelessconsulting.com\/?s={search_term_string}\"},\"query-input\":{\"@type\":\"PropertyValueSpecification\",\"valueRequired\":true,\"valueName\":\"search_term_string\"}}],\"inLanguage\":\"pt-BR\"},{\"@type\":\"Organization\",\"@id\":\"https:\/\/pricelessconsulting.com\/#organization\",\"name\":\"Priceless Consulting\",\"url\":\"https:\/\/pricelessconsulting.com\/\",\"logo\":{\"@type\":\"ImageObject\",\"inLanguage\":\"pt-BR\",\"@id\":\"https:\/\/pricelessconsulting.com\/#\/schema\/logo\/image\/\",\"url\":\"https:\/\/pricelessconsulting.com\/wp-content\/uploads\/2019\/10\/transparent3.webp\",\"contentUrl\":\"https:\/\/pricelessconsulting.com\/wp-content\/uploads\/2019\/10\/transparent3.webp\",\"width\":201,\"height\":81,\"caption\":\"Priceless Consulting\"},\"image\":{\"@id\":\"https:\/\/pricelessconsulting.com\/#\/schema\/logo\/image\/\"},\"sameAs\":[\"https:\/\/www.facebook.com\/pricelessconsult\",\"https:\/\/www.linkedin.com\/company\/priceless\/\"]}]}<\/script>\n<!-- \/ Yoast SEO plugin. -->","yoast_head_json":{"title":"Pol\u00edtica de Privacidade - Priceless Consulting","description":"Pol\u00edtica de privacidade da Priceless Consulting pela qual a empresa rege diariamente as suas opera\u00e7\u00f5es de contacto com o cliente.","robots":{"index":"index","follow":"follow","max-snippet":"max-snippet:-1","max-image-preview":"max-image-preview:large","max-video-preview":"max-video-preview:-1"},"canonical":"https:\/\/pricelessconsulting.com\/br\/politica-privacidade\/","og_locale":"pt_BR","og_type":"article","og_title":"Pol\u00edtica de Privacidade - Priceless Consulting","og_description":"Pol\u00edtica de privacidade da Priceless Consulting pela qual a empresa rege diariamente as suas opera\u00e7\u00f5es de contacto com o cliente.","og_url":"https:\/\/pricelessconsulting.com\/br\/politica-privacidade\/","og_site_name":"Priceless Consulting","article_publisher":"https:\/\/www.facebook.com\/pricelessconsult","article_modified_time":"2025-12-22T14:40:38+00:00","twitter_card":"summary_large_image","twitter_misc":{"Est. tempo de leitura":"6 minutos"},"schema":{"@context":"https:\/\/schema.org","@graph":[{"@type":"WebPage","@id":"https:\/\/pricelessconsulting.com\/politica-privacidade\/","url":"https:\/\/pricelessconsulting.com\/politica-privacidade\/","name":"Pol\u00edtica de Privacidade - Priceless Consulting","isPartOf":{"@id":"https:\/\/pricelessconsulting.com\/#website"},"datePublished":"2023-08-20T13:52:33+00:00","dateModified":"2025-12-22T14:40:38+00:00","description":"Pol\u00edtica de privacidade da Priceless Consulting pela qual a empresa rege diariamente as suas opera\u00e7\u00f5es de contacto com o cliente.","breadcrumb":{"@id":"https:\/\/pricelessconsulting.com\/politica-privacidade\/#breadcrumb"},"inLanguage":"pt-BR","potentialAction":[{"@type":"ReadAction","target":["https:\/\/pricelessconsulting.com\/politica-privacidade\/"]}]},{"@type":"BreadcrumbList","@id":"https:\/\/pricelessconsulting.com\/politica-privacidade\/#breadcrumb","itemListElement":[{"@type":"ListItem","position":1,"name":"In\u00edcio","item":"https:\/\/pricelessconsulting.com\/"},{"@type":"ListItem","position":2,"name":"Pol\u00edtica de Privacidade"}]},{"@type":"WebSite","@id":"https:\/\/pricelessconsulting.com\/#website","url":"https:\/\/pricelessconsulting.com\/","name":"Priceless Consulting","description":"Especialistas em Transforma\u00e7\u00e3o Digital","publisher":{"@id":"https:\/\/pricelessconsulting.com\/#organization"},"potentialAction":[{"@type":"SearchAction","target":{"@type":"EntryPoint","urlTemplate":"https:\/\/pricelessconsulting.com\/?s={search_term_string}"},"query-input":{"@type":"PropertyValueSpecification","valueRequired":true,"valueName":"search_term_string"}}],"inLanguage":"pt-BR"},{"@type":"Organization","@id":"https:\/\/pricelessconsulting.com\/#organization","name":"Priceless Consulting","url":"https:\/\/pricelessconsulting.com\/","logo":{"@type":"ImageObject","inLanguage":"pt-BR","@id":"https:\/\/pricelessconsulting.com\/#\/schema\/logo\/image\/","url":"https:\/\/pricelessconsulting.com\/wp-content\/uploads\/2019\/10\/transparent3.webp","contentUrl":"https:\/\/pricelessconsulting.com\/wp-content\/uploads\/2019\/10\/transparent3.webp","width":201,"height":81,"caption":"Priceless Consulting"},"image":{"@id":"https:\/\/pricelessconsulting.com\/#\/schema\/logo\/image\/"},"sameAs":["https:\/\/www.facebook.com\/pricelessconsult","https:\/\/www.linkedin.com\/company\/priceless\/"]}]}},"_links":{"self":[{"href":"https:\/\/pricelessconsulting.com\/br\/wp-json\/wp\/v2\/pages\/5824","targetHints":{"allow":["GET"]}}],"collection":[{"href":"https:\/\/pricelessconsulting.com\/br\/wp-json\/wp\/v2\/pages"}],"about":[{"href":"https:\/\/pricelessconsulting.com\/br\/wp-json\/wp\/v2\/types\/page"}],"author":[{"embeddable":true,"href":"https:\/\/pricelessconsulting.com\/br\/wp-json\/wp\/v2\/users\/1"}],"replies":[{"embeddable":true,"href":"https:\/\/pricelessconsulting.com\/br\/wp-json\/wp\/v2\/comments?post=5824"}],"version-history":[{"count":1,"href":"https:\/\/pricelessconsulting.com\/br\/wp-json\/wp\/v2\/pages\/5824\/revisions"}],"predecessor-version":[{"id":16362,"href":"https:\/\/pricelessconsulting.com\/br\/wp-json\/wp\/v2\/pages\/5824\/revisions\/16362"}],"wp:attachment":[{"href":"https:\/\/pricelessconsulting.com\/br\/wp-json\/wp\/v2\/media?parent=5824"}],"wp:term":[{"taxonomy":"ebook","embeddable":true,"href":"https:\/\/pricelessconsulting.com\/br\/wp-json\/wp\/v2\/ebook?post=5824"},{"taxonomy":"ebook_1","embeddable":true,"href":"https:\/\/pricelessconsulting.com\/br\/wp-json\/wp\/v2\/ebook_1?post=5824"},{"taxonomy":"infograficos","embeddable":true,"href":"https:\/\/pricelessconsulting.com\/br\/wp-json\/wp\/v2\/infograficos?post=5824"}],"curies":[{"name":"wp","href":"https:\/\/api.w.org\/{rel}","templated":true}]}}