{"id":5824,"date":"2023-08-20T13:52:33","date_gmt":"2023-08-20T13:52:33","guid":{"rendered":"https:\/\/priceless.pixelpt.pt\/?page_id=5824"},"modified":"2025-12-22T14:40:38","modified_gmt":"2025-12-22T14:40:38","slug":"politica-sulla-riservatezza","status":"publish","type":"page","link":"https:\/\/pricelessconsulting.com\/it\/politica-sulla-riservatezza\/","title":{"rendered":"politica sulla riservatezza"},"content":{"rendered":"<div data-elementor-type=\"wp-page\" data-elementor-id=\"5824\" class=\"elementor elementor-5824\" data-elementor-post-type=\"page\">\n\t\t\t\t<div class=\"elementor-element elementor-element-432a8dde e-flex e-con-boxed wpr-particle-no wpr-jarallax-no wpr-parallax-no wpr-sticky-section-no e-con e-parent\" data-id=\"432a8dde\" data-element_type=\"container\" data-e-type=\"container\">\n\t\t\t\t\t<div class=\"e-con-inner\">\n\t\t\t\t<div class=\"elementor-element elementor-element-54896ba2 elementor-widget elementor-widget-text-editor\" data-id=\"54896ba2\" data-element_type=\"widget\" data-e-type=\"widget\" data-widget_type=\"text-editor.default\">\n\t\t\t\t<div class=\"elementor-widget-container\">\n\t\t\t\t\t\t\t\t\t\n<p>Data di entrata in vigore: 1 gennaio 2018<\/p>\n\n<p>Priceless Consulting (\u201cnoi\u201d, \u201cci\u201d o \u201cnostro\u201d) gestisce il sito web\u00a0<a href=\"http:\/\/www.pricelessconsulting.com\/\" target=\"_blank\" rel=\"noreferrer noopener\">www.pricelessconsulting.com<\/a>\u00a0(il \u201cServizio\u201d).<\/p>\n\n<p>Questa pagina ti informa sulle nostre politiche relative alla raccolta, all&#039;uso e alla divulgazione dei dati personali quando utilizzi il nostro Servizio e sulle scelte che hai associato a tali dati.<\/p>\n\n<p>Utilizziamo i tuoi dati per fornire e migliorare il servizio. Utilizzando il Servizio, acconsenti alla raccolta e all&#039;utilizzo delle informazioni in conformit\u00e0 con questa politica. Se non diversamente definito nella presente Informativa sulla privacy, i termini utilizzati nella presente Informativa sulla privacy hanno lo stesso significato dei nostri Termini e condizioni, accessibili all&#039;indirizzo\u00a0<a href=\"http:\/\/www.pricelessconsulting.com\/\" target=\"_blank\" rel=\"noreferrer noopener\">www.pricelessconsulting.com<\/a><\/p>\n\n<p><strong>Raccolta e utilizzo delle informazioni<\/strong><\/p>\n\n<p>Raccogliamo diversi tipi di informazioni per vari scopi per fornirti e migliorare il nostro Servizio.<\/p>\n\n<p>Tipi di dati raccolti<\/p>\n\n<p>Dati personali<\/p>\n\n<p>Durante l&#039;utilizzo del nostro Servizio, potremmo chiederti di fornirci determinate informazioni di identificazione personale che possono essere utilizzate per contattarti o identificarti (&quot;Dati personali&quot;). Le informazioni di identificazione personale possono includere, ma non sono limitate a:<\/p>\n\n<ul class=\"wp-block-list\">\n<li>Indirizzo e-mail<\/li>\n\n<li>Nome e cognome<\/li>\n\n<li>Numero di telefono<\/li>\n\n<li>Indirizzo, Stato, Provincia, CAP, Citt\u00e0<\/li>\n\n<li>Cookie e dati di utilizzo<\/li>\n<\/ul>\n\n<p>Dati di utilizzo<\/p>\n\n<p>Potremmo anche raccogliere informazioni su come si accede e si utilizza il Servizio (\u201cDati di utilizzo\u201d). Questi dati di utilizzo possono includere informazioni quali l&#039;indirizzo IP del tuo computer (ad esempio indirizzo IP), il tipo di browser, la versione del browser, le pagine del nostro Servizio che visiti, l&#039;ora e la data della tua visita, il tempo trascorso su queste pagine, identificatori del dispositivo e altri dati diagnostici.<\/p>\n\n<p>Dati di tracciamento e cookie<\/p>\n\n<p>Utilizziamo cookie e tecnologie di tracciamento simili per tracciare l&#039;attivit\u00e0 sul nostro Servizio e conservare determinate informazioni.<\/p>\n\n<p>I cookie sono file con una piccola quantit\u00e0 di dati che possono includere un identificatore univoco anonimo. I cookie vengono inviati al tuo browser da un sito web e memorizzati sul tuo dispositivo. Le tecnologie di tracciamento utilizzate sono anche beacon, tag e script per raccogliere e tenere traccia delle informazioni e per migliorare e analizzare il nostro Servizio.<\/p>\n\n<p>Puoi impostare il tuo browser in modo che rifiuti tutti i cookie o indichi quando viene inviato un cookie. Tuttavia, se non accetti i cookie, potresti non essere in grado di utilizzare alcune parti del nostro Servizio.<\/p>\n\n<p>Esempi di cookie che utilizziamo:<\/p>\n\n<ul class=\"wp-block-list\">\n<li>Cookie di sessione. Utilizziamo i cookie di sessione per gestire il nostro servizio.<\/li>\n\n<li>Cookie preferenziali. Utilizziamo i cookie di preferenza per ricordare le tue preferenze e varie impostazioni.<\/li>\n\n<li>Cookie di sicurezza. Utilizziamo cookie di sicurezza per scopi di sicurezza.<\/li>\n<\/ul>\n\n<p><strong>Utilizzo dei dati<\/strong><\/p>\n\n<p>Priceless Consulting utilizza i dati raccolti per diversi scopi:<\/p>\n\n<ul class=\"wp-block-list\">\n<li>Per fornire e mantenere il servizio<\/li>\n\n<li>Per informarti sulle modifiche al nostro servizio<\/li>\n\n<li>Per consentirti di partecipare alle funzionalit\u00e0 interattive del nostro Servizio quando scegli di farlo<\/li>\n\n<li>Per fornire assistenza e supporto ai clienti<\/li>\n\n<li>Per fornire analisi o informazioni preziose in modo da poter migliorare il Servizio<\/li>\n\n<li>Per monitorare l&#039;utilizzo del servizio<\/li>\n\n<li>Per rilevare, prevenire e risolvere problemi tecnici<\/li>\n<\/ul>\n\n<p><strong>Trasferimento dati<\/strong><\/p>\n\n<p>Le tue informazioni, inclusi i dati personali, possono essere trasferite e mantenute su computer situati al di fuori del tuo stato, provincia, paese o altra giurisdizione governativa in cui le leggi sulla protezione dei dati potrebbero differire da quelle della tua giurisdizione.<\/p>\n\n<p>Se ti trovi fuori dal Portogallo e scegli di fornirci informazioni, tieni presente che trasferiamo i dati, inclusi i dati personali, in Portogallo e l\u00ec elaboriamo i dati.<\/p>\n\n<p>Il tuo consenso alla presente Informativa sulla privacy, seguito dall&#039;invio di tali informazioni, rappresenta il tuo consenso a tale trasferimento.<\/p>\n\n<p>Priceless Consulting adotter\u00e0 tutte le misure ragionevolmente necessarie per garantire che i tuoi dati siano trattati in modo sicuro e in conformit\u00e0 con la presente Informativa sulla privacy e nessun trasferimento dei tuoi dati personali sar\u00e0 effettuato a un&#039;organizzazione o a un paese a meno che non siano in atto controlli adeguati, inclusa la sicurezza dei tuoi dati personali. dati e altre informazioni personali.<\/p>\n\n<p><strong>Divulgazione dei dati<\/strong><\/p>\n\n<p>Requisiti legali<\/p>\n\n<p>Priceless Consulting pu\u00f2 divulgare i tuoi dati personali nella convinzione che tale azione sia necessaria per:<\/p>\n\n<ul class=\"wp-block-list\">\n<li>Per adempiere ad un obbligo legale<\/li>\n\n<li>Per proteggere e difendere i diritti o la propriet\u00e0 di Priceless Consulting<\/li>\n\n<li>Per prevenire o indagare su possibili irregolarit\u00e0 relative al Servizio<\/li>\n\n<li>Per proteggere la sicurezza personale degli utenti del Servizio o del pubblico<\/li>\n\n<li>Per tutelarsi dalla responsabilit\u00e0 legale<\/li>\n<\/ul>\n\n<p><strong>Sicurezza dei dati<\/strong><\/p>\n\n<p>La sicurezza dei tuoi dati \u00e8 importante per noi, ma ricorda che nessun metodo di trasmissione su Internet o metodo di archiviazione elettronica \u00e8 sicuro 100%. Sebbene ci impegniamo a utilizzare mezzi commercialmente accettabili per proteggere i tuoi dati personali, non possiamo garantirne l&#039;assoluta sicurezza.<\/p>\n\n<p><strong>Fornitori di servizi<\/strong><\/p>\n\n<p>Potremmo impiegare societ\u00e0 e individui di terze parti per facilitare il nostro Servizio (&quot;Fornitori di servizi&quot;), per fornire il Servizio per nostro conto, per eseguire servizi relativi al Servizio o per aiutarci ad analizzare come viene utilizzato il nostro Servizio.<\/p>\n\n<p>Queste terze parti hanno accesso ai tuoi dati personali solo per svolgere queste attivit\u00e0 per nostro conto e sono obbligate a non divulgarli o utilizzarli per nessun altro scopo.<\/p>\n\n<p><strong>Collegamenti ad altri siti web<\/strong><\/p>\n\n<p>Il nostro Servizio pu\u00f2 contenere collegamenti ad altri siti Web che non sono gestiti da noi. Se fai clic su un collegamento di terze parti, verrai indirizzato al sito Web di terze parti. Ti consigliamo vivamente di rivedere l&#039;informativa sulla privacy di ogni sito web che visiti.<\/p>\n\n<p>Non abbiamo alcun controllo e non ci assumiamo alcuna responsabilit\u00e0 per il contenuto, le politiche sulla privacy o le pratiche di siti o servizi di terze parti.<\/p>\n\n<p><strong>La privacy dei bambini<\/strong><\/p>\n\n<p>Il nostro Servizio non si rivolge ai bambini di et\u00e0 inferiore ai 18 anni (\u201cBambini\u201d).<\/p>\n\n<p>Non raccogliamo consapevolmente informazioni di identificazione personale da chiunque abbia meno di 18 anni. Se sei un genitore o tutore legale e sei consapevole che i tuoi figli ci hanno fornito Dati personali, ti preghiamo di contattarci. Se veniamo a conoscenza di aver raccolto dati personali di bambini senza la verifica del consenso dei genitori, adottiamo misure per rimuovere tali informazioni dai nostri server.<\/p>\n\n<p><strong>Modifiche alla presente informativa sulla privacy<\/strong><\/p>\n\n<p>Potremmo aggiornare la nostra Informativa sulla privacy di tanto in tanto. Ti informeremo di eventuali modifiche pubblicando la nuova Informativa sulla privacy in questa pagina.<\/p>\n\n<p>Si consiglia di rivedere periodicamente la presente Informativa sulla privacy per eventuali modifiche. Le modifiche alla presente Informativa sulla privacy diventano effettive una volta pubblicate su questa pagina.<\/p>\n\n<p><strong>Contattaci<\/strong><\/p>\n\n<p>In caso di domande sulla presente Informativa sulla privacy, contattaci:<\/p>\n\n<p>Quando visiti questa pagina sul nostro sito web:\u00a0<a href=\"http:\/\/www.pricelessconsulting.com\/politica-privacidade\" target=\"_blank\" rel=\"noreferrer noopener\">www.pricelessconsulting.com\/politica-privacidade<\/a><\/p>\n\t\t\t\t\t\t\t\t<\/div>\n\t\t\t\t<\/div>\n\t\t\t\t\t<\/div>\n\t\t\t\t<\/div>\n\t\t\t\t<\/div>","protected":false},"excerpt":{"rendered":"<p>Data di entrata in vigore: 1\u00b0 gennaio 2018 Priceless Consulting (&quot;noi&quot;, &quot;noi&quot; o &quot;nostro&quot;) gestisce il sito web www.pricelessconsulting.com (il &quot;Servizio&quot;). Questa pagina ti informa sulle nostre politiche relative alla raccolta, all&#039;uso e alla divulgazione dei dati personali quando utilizzi il nostro Servizio e sulle scelte che hai associato a tali dati. Utilizziamo i tuoi dati per fornire e migliorare il Servizio. Utilizzando il Servizio, accetti la raccolta e l&#039;utilizzo delle informazioni in conformit\u00e0 con questa politica. Salvo diversa definizione nella presente Informativa sulla privacy, i termini utilizzati nella presente Informativa sulla privacy hanno lo stesso significato di quelli presenti nei nostri Termini e condizioni, accessibili da www.pricelessconsulting.com Raccolta e utilizzo delle informazioni Raccogliamo diversi tipi di informazioni per vari scopi, per fornire e migliorare il nostro Servizio. Tipi di dati raccolti Dati personali Durante l&#039;utilizzo del nostro Servizio, potremmo chiederti di fornirci alcune informazioni di identificazione personale che possono essere utilizzate per contattarti o identificarti (&quot;Dati personali&quot;). Le informazioni di identificazione personale possono includere, a titolo esemplificativo ma non esaustivo: Dati di utilizzo Potremmo anche raccogliere informazioni sulle modalit\u00e0 di accesso e utilizzo del Servizio (&quot;Dati di utilizzo&quot;). Questi Dati di utilizzo possono includere informazioni quali l&#039;indirizzo IP del computer (ad esempio, l&#039;indirizzo IP), il tipo di browser, la versione del browser, le pagine del nostro Servizio che visiti, l&#039;ora e la data della visita, il tempo trascorso su tali pagine, identificatori univoci del dispositivo e altri dati diagnostici. Dati di tracciamento e cookie Utilizziamo cookie e tecnologie di tracciamento simili per tracciare l&#039;attivit\u00e0 sul nostro Servizio e conservare determinate informazioni. I cookie sono file con una piccola quantit\u00e0 di dati che possono includere un identificatore univoco anonimo. I cookie vengono inviati al tuo browser da un sito web e memorizzati sul tuo dispositivo. Le tecnologie di tracciamento utilizzate sono anche beacon, tag e script per raccogliere e tracciare informazioni e per migliorare e analizzare il nostro Servizio. Puoi impostare il tuo browser in modo che rifiuti tutti i cookie o che indichi quando viene inviato un cookie. Tuttavia, se non accetti i cookie, potresti non essere in grado di utilizzare alcune parti del nostro Servizio. Esempi di cookie che utilizziamo: Utilizzo dei dati Priceless Consulting utilizza i dati raccolti per vari scopi: Trasferimento dei dati Le tue informazioni, inclusi i Dati Personali, possono essere trasferite a - e conservate su - computer situati al di fuori del tuo stato, provincia, paese o altra giurisdizione governativa in cui le leggi sulla protezione dei dati potrebbero differire da quelle della tua giurisdizione. Se ti trovi al di fuori del Portogallo e scegli di fornirci informazioni, tieni presente che trasferiamo i dati, inclusi i Dati Personali, in Portogallo e li elaboriamo l\u00ec. Il tuo consenso alla presente Informativa sulla privacy seguito dall&#039;invio di tali informazioni rappresenta il tuo consenso a tale trasferimento. Priceless Consulting adotter\u00e0 tutte le misure ragionevolmente necessarie per garantire che i tuoi dati siano trattati in modo sicuro e in conformit\u00e0 con la presente Informativa sulla privacy e nessun trasferimento dei tuoi Dati Personali avverr\u00e0 a un&#039;organizzazione o a un paese a meno che non siano in atto controlli adeguati, inclusa la sicurezza dei tuoi dati e altre informazioni personali. Divulgazione dei dati Requisiti legali Priceless Consulting pu\u00f2 divulgare i tuoi dati personali nella convinzione, in buona fede, che tale azione sia necessaria per: Sicurezza dei dati La sicurezza dei tuoi dati \u00e8 importante per noi, ma ricorda che nessun metodo di trasmissione su Internet o metodo di archiviazione elettronica \u00e8 sicuro al 100%. Sebbene ci impegniamo a utilizzare mezzi commercialmente accettabili per proteggere i tuoi dati personali, non possiamo garantirne l&#039;assoluta sicurezza. Fornitori di servizi Potremmo impiegare societ\u00e0 e individui terzi per facilitare il nostro Servizio (&quot;Fornitori di servizi&quot;), per fornire il Servizio per nostro conto, per eseguire servizi correlati al Servizio o per assisterci nell&#039;analisi delle modalit\u00e0 di utilizzo del nostro Servizio. Queste terze parti hanno accesso ai tuoi dati personali solo per eseguire queste attivit\u00e0 per nostro conto e sono obbligate a non divulgarli o utilizzarli per altri scopi. Link ad altri siti Il nostro Servizio pu\u00f2 contenere link ad altri siti che non sono gestiti da noi. Se clicchi su un link di terze parti, verrai indirizzato al sito di quella terza parte. Ti consigliamo vivamente di consultare l&#039;informativa sulla privacy di ogni sito che visiti. Non abbiamo alcun controllo e non ci assumiamo alcuna responsabilit\u00e0 per il contenuto, le politiche sulla privacy o le pratiche di siti o servizi di terze parti. Privacy dei minori Il nostro Servizio non si rivolge a minori di 18 anni (&quot;Bambini&quot;). Non raccogliamo consapevolmente informazioni personali identificabili da minori di 18 anni. Se sei un genitore o un tutore e sei a conoscenza del fatto che tuo figlio ci ha fornito Dati Personali, ti preghiamo di contattarci. Se veniamo a conoscenza di aver raccolto Dati Personali da minori senza la verifica del consenso dei genitori, adottiamo misure per rimuovere tali informazioni dai nostri server. Modifiche alla presente Informativa sulla Privacy Potremmo aggiornare la nostra Informativa sulla Privacy di volta in volta. Ti informeremo di eventuali modifiche pubblicando la nuova Informativa sulla Privacy su questa pagina. Ti consigliamo di rivedere periodicamente la presente Informativa sulla Privacy per eventuali modifiche. Le modifiche alla presente Informativa sulla Privacy entrano in vigore quando vengono pubblicate su questa pagina. Contattaci Per qualsiasi domanda sulla presente Informativa sulla Privacy, ti preghiamo di contattarci: Visitando questa pagina sul nostro sito web: www.pricelessconsulting.com\/privacy-policy<\/p>","protected":false},"author":1,"featured_media":0,"parent":0,"menu_order":0,"comment_status":"closed","ping_status":"closed","template":"","meta":{"footnotes":""},"ebook":[],"ebook_1":[],"infograficos":[],"class_list":["post-5824","page","type-page","status-publish","hentry"],"yoast_head":"<!-- This site is optimized with the Yoast SEO plugin v26.9 - https:\/\/yoast.com\/product\/yoast-seo-wordpress\/ -->\n<title>Pol\u00edtica de Privacidade - Priceless Consulting<\/title>\n<meta name=\"description\" content=\"Pol\u00edtica de privacidade da Priceless Consulting pela qual a empresa rege diariamente as suas opera\u00e7\u00f5es de contacto com o cliente.\" \/>\n<meta name=\"robots\" content=\"index, follow, max-snippet:-1, max-image-preview:large, max-video-preview:-1\" \/>\n<link rel=\"canonical\" href=\"https:\/\/pricelessconsulting.com\/it\/politica-sulla-riservatezza\/\" \/>\n<meta property=\"og:locale\" content=\"it_IT\" \/>\n<meta property=\"og:type\" content=\"article\" \/>\n<meta property=\"og:title\" content=\"Pol\u00edtica de Privacidade - Priceless Consulting\" \/>\n<meta property=\"og:description\" content=\"Pol\u00edtica de privacidade da Priceless Consulting pela qual a empresa rege diariamente as suas opera\u00e7\u00f5es de contacto com o cliente.\" \/>\n<meta property=\"og:url\" content=\"https:\/\/pricelessconsulting.com\/it\/politica-sulla-riservatezza\/\" \/>\n<meta property=\"og:site_name\" content=\"Priceless Consulting\" \/>\n<meta property=\"article:publisher\" content=\"https:\/\/www.facebook.com\/pricelessconsult\" \/>\n<meta property=\"article:modified_time\" content=\"2025-12-22T14:40:38+00:00\" \/>\n<meta name=\"twitter:card\" content=\"summary_large_image\" \/>\n<meta name=\"twitter:label1\" content=\"Tempo di lettura stimato\" \/>\n\t<meta name=\"twitter:data1\" content=\"6 minuti\" \/>\n<script type=\"application\/ld+json\" class=\"yoast-schema-graph\">{\"@context\":\"https:\/\/schema.org\",\"@graph\":[{\"@type\":\"WebPage\",\"@id\":\"https:\/\/pricelessconsulting.com\/politica-privacidade\/\",\"url\":\"https:\/\/pricelessconsulting.com\/politica-privacidade\/\",\"name\":\"Pol\u00edtica de Privacidade - Priceless Consulting\",\"isPartOf\":{\"@id\":\"https:\/\/pricelessconsulting.com\/#website\"},\"datePublished\":\"2023-08-20T13:52:33+00:00\",\"dateModified\":\"2025-12-22T14:40:38+00:00\",\"description\":\"Pol\u00edtica de privacidade da Priceless Consulting pela qual a empresa rege diariamente as suas opera\u00e7\u00f5es de contacto com o cliente.\",\"breadcrumb\":{\"@id\":\"https:\/\/pricelessconsulting.com\/politica-privacidade\/#breadcrumb\"},\"inLanguage\":\"it-IT\",\"potentialAction\":[{\"@type\":\"ReadAction\",\"target\":[\"https:\/\/pricelessconsulting.com\/politica-privacidade\/\"]}]},{\"@type\":\"BreadcrumbList\",\"@id\":\"https:\/\/pricelessconsulting.com\/politica-privacidade\/#breadcrumb\",\"itemListElement\":[{\"@type\":\"ListItem\",\"position\":1,\"name\":\"In\u00edcio\",\"item\":\"https:\/\/pricelessconsulting.com\/\"},{\"@type\":\"ListItem\",\"position\":2,\"name\":\"Pol\u00edtica de Privacidade\"}]},{\"@type\":\"WebSite\",\"@id\":\"https:\/\/pricelessconsulting.com\/#website\",\"url\":\"https:\/\/pricelessconsulting.com\/\",\"name\":\"Priceless Consulting\",\"description\":\"Especialistas em Transforma\u00e7\u00e3o Digital\",\"publisher\":{\"@id\":\"https:\/\/pricelessconsulting.com\/#organization\"},\"potentialAction\":[{\"@type\":\"SearchAction\",\"target\":{\"@type\":\"EntryPoint\",\"urlTemplate\":\"https:\/\/pricelessconsulting.com\/?s={search_term_string}\"},\"query-input\":{\"@type\":\"PropertyValueSpecification\",\"valueRequired\":true,\"valueName\":\"search_term_string\"}}],\"inLanguage\":\"it-IT\"},{\"@type\":\"Organization\",\"@id\":\"https:\/\/pricelessconsulting.com\/#organization\",\"name\":\"Priceless Consulting\",\"url\":\"https:\/\/pricelessconsulting.com\/\",\"logo\":{\"@type\":\"ImageObject\",\"inLanguage\":\"it-IT\",\"@id\":\"https:\/\/pricelessconsulting.com\/#\/schema\/logo\/image\/\",\"url\":\"https:\/\/pricelessconsulting.com\/wp-content\/uploads\/2019\/10\/transparent3.webp\",\"contentUrl\":\"https:\/\/pricelessconsulting.com\/wp-content\/uploads\/2019\/10\/transparent3.webp\",\"width\":201,\"height\":81,\"caption\":\"Priceless Consulting\"},\"image\":{\"@id\":\"https:\/\/pricelessconsulting.com\/#\/schema\/logo\/image\/\"},\"sameAs\":[\"https:\/\/www.facebook.com\/pricelessconsult\",\"https:\/\/www.linkedin.com\/company\/priceless\/\"]}]}<\/script>\n<!-- \/ Yoast SEO plugin. -->","yoast_head_json":{"title":"Informativa sulla privacy - Priceless Consulting","description":"L&#039;informativa sulla privacy di Priceless Consulting, che regola le operazioni quotidiane di contatto con i clienti dell&#039;azienda.","robots":{"index":"index","follow":"follow","max-snippet":"max-snippet:-1","max-image-preview":"max-image-preview:large","max-video-preview":"max-video-preview:-1"},"canonical":"https:\/\/pricelessconsulting.com\/it\/politica-sulla-riservatezza\/","og_locale":"it_IT","og_type":"article","og_title":"Pol\u00edtica de Privacidade - Priceless Consulting","og_description":"Pol\u00edtica de privacidade da Priceless Consulting pela qual a empresa rege diariamente as suas opera\u00e7\u00f5es de contacto com o cliente.","og_url":"https:\/\/pricelessconsulting.com\/it\/politica-sulla-riservatezza\/","og_site_name":"Priceless Consulting","article_publisher":"https:\/\/www.facebook.com\/pricelessconsult","article_modified_time":"2025-12-22T14:40:38+00:00","twitter_card":"summary_large_image","twitter_misc":{"Tempo di lettura stimato":"6 minuti"},"schema":{"@context":"https:\/\/schema.org","@graph":[{"@type":"WebPage","@id":"https:\/\/pricelessconsulting.com\/politica-privacidade\/","url":"https:\/\/pricelessconsulting.com\/politica-privacidade\/","name":"Informativa sulla privacy - Priceless Consulting","isPartOf":{"@id":"https:\/\/pricelessconsulting.com\/#website"},"datePublished":"2023-08-20T13:52:33+00:00","dateModified":"2025-12-22T14:40:38+00:00","description":"L&#039;informativa sulla privacy di Priceless Consulting, che regola le operazioni quotidiane di contatto con i clienti dell&#039;azienda.","breadcrumb":{"@id":"https:\/\/pricelessconsulting.com\/politica-privacidade\/#breadcrumb"},"inLanguage":"it-IT","potentialAction":[{"@type":"ReadAction","target":["https:\/\/pricelessconsulting.com\/politica-privacidade\/"]}]},{"@type":"BreadcrumbList","@id":"https:\/\/pricelessconsulting.com\/politica-privacidade\/#breadcrumb","itemListElement":[{"@type":"ListItem","position":1,"name":"In\u00edcio","item":"https:\/\/pricelessconsulting.com\/"},{"@type":"ListItem","position":2,"name":"Pol\u00edtica de Privacidade"}]},{"@type":"WebSite","@id":"https:\/\/pricelessconsulting.com\/#website","url":"https:\/\/pricelessconsulting.com\/","name":"Priceless Consulting","description":"Esperti di trasformazione digitale","publisher":{"@id":"https:\/\/pricelessconsulting.com\/#organization"},"potentialAction":[{"@type":"SearchAction","target":{"@type":"EntryPoint","urlTemplate":"https:\/\/pricelessconsulting.com\/?s={search_term_string}"},"query-input":{"@type":"PropertyValueSpecification","valueRequired":true,"valueName":"search_term_string"}}],"inLanguage":"it-IT"},{"@type":"Organization","@id":"https:\/\/pricelessconsulting.com\/#organization","name":"Priceless Consulting","url":"https:\/\/pricelessconsulting.com\/","logo":{"@type":"ImageObject","inLanguage":"it-IT","@id":"https:\/\/pricelessconsulting.com\/#\/schema\/logo\/image\/","url":"https:\/\/pricelessconsulting.com\/wp-content\/uploads\/2019\/10\/transparent3.webp","contentUrl":"https:\/\/pricelessconsulting.com\/wp-content\/uploads\/2019\/10\/transparent3.webp","width":201,"height":81,"caption":"Priceless Consulting"},"image":{"@id":"https:\/\/pricelessconsulting.com\/#\/schema\/logo\/image\/"},"sameAs":["https:\/\/www.facebook.com\/pricelessconsult","https:\/\/www.linkedin.com\/company\/priceless\/"]}]}},"_links":{"self":[{"href":"https:\/\/pricelessconsulting.com\/it\/wp-json\/wp\/v2\/pages\/5824","targetHints":{"allow":["GET"]}}],"collection":[{"href":"https:\/\/pricelessconsulting.com\/it\/wp-json\/wp\/v2\/pages"}],"about":[{"href":"https:\/\/pricelessconsulting.com\/it\/wp-json\/wp\/v2\/types\/page"}],"author":[{"embeddable":true,"href":"https:\/\/pricelessconsulting.com\/it\/wp-json\/wp\/v2\/users\/1"}],"replies":[{"embeddable":true,"href":"https:\/\/pricelessconsulting.com\/it\/wp-json\/wp\/v2\/comments?post=5824"}],"version-history":[{"count":1,"href":"https:\/\/pricelessconsulting.com\/it\/wp-json\/wp\/v2\/pages\/5824\/revisions"}],"predecessor-version":[{"id":16362,"href":"https:\/\/pricelessconsulting.com\/it\/wp-json\/wp\/v2\/pages\/5824\/revisions\/16362"}],"wp:attachment":[{"href":"https:\/\/pricelessconsulting.com\/it\/wp-json\/wp\/v2\/media?parent=5824"}],"wp:term":[{"taxonomy":"ebook","embeddable":true,"href":"https:\/\/pricelessconsulting.com\/it\/wp-json\/wp\/v2\/ebook?post=5824"},{"taxonomy":"ebook_1","embeddable":true,"href":"https:\/\/pricelessconsulting.com\/it\/wp-json\/wp\/v2\/ebook_1?post=5824"},{"taxonomy":"infograficos","embeddable":true,"href":"https:\/\/pricelessconsulting.com\/it\/wp-json\/wp\/v2\/infograficos?post=5824"}],"curies":[{"name":"parola chiave","href":"https:\/\/api.w.org\/{rel}","templated":true}]}}